{"id":7,"date":"2015-01-27T11:54:04","date_gmt":"2015-01-27T11:54:04","guid":{"rendered":"http:\/\/avada.theme-fusion.com_demos\/travel\/?page_id=7"},"modified":"2020-05-05T08:50:04","modified_gmt":"2020-05-05T08:50:04","slug":"home","status":"publish","type":"page","link":"https:\/\/siegaverdecasarural.com\/web\/","title":{"rendered":"Home"},"content":{"rendered":"<p><div class=\"fusion-fullwidth fullwidth-box fusion-builder-row-1 hundred-percent-fullwidth non-hundred-percent-height-scrolling fusion-equal-height-columns\" style=\"--awb-background-position:left top;--awb-border-radius-top-left:0px;--awb-border-radius-top-right:0px;--awb-border-radius-bottom-right:0px;--awb-border-radius-bottom-left:0px;--awb-padding-top:90px;--awb-padding-right:0px;--awb-padding-bottom:0px;--awb-padding-left:0px;--awb-border-sizes-top:0px;--awb-border-sizes-bottom:0px;--awb-flex-wrap:wrap;\" ><div class=\"fusion-builder-row fusion-row\"><div class=\"fusion-layout-column fusion_builder_column fusion-builder-column-0 fusion_builder_column_1_2 1_2 fusion-one-half fusion-column-first\" style=\"--awb-bg-position:center center;--awb-bg-size:cover;width:48%; margin-right: 4%;\"><div class=\"fusion-column-wrapper fusion-flex-column-wrapper-legacy\"><div class=\"fusion-image-carousel fusion-image-carousel-auto fusion-image-carousel-1 fusion-no-small-visibility fusion-no-medium-visibility lightbox-enabled fusion-carousel-border\"><div class=\"awb-carousel awb-swiper awb-swiper-carousel awb-carousel--carousel awb-swiper-dots-position-bottom\" data-layout=\"carousel\" data-autoplay=\"no\" data-autoplayspeed=\"2500\" data-autoplaypause=\"no\" data-columns=\"1\" data-columnsmedium=\"1\" data-columnssmall=\"1\" data-itemmargin=\"13\" data-itemwidth=\"180\" data-touchscroll=\"no\" data-freemode=\"no\" data-imagesize=\"auto\" data-scrollitems=\"0\" data-centeredslides=\"no\" data-rotationangle=\"50\" data-depth=\"100\" data-speed=\"500\" data-shadow=\"no\" data-pagination=\"bullets\" style=\"--awb-columns:1;--awb-border-width:1px;--awb-border-color:#e9eaee;\"><div class=\"swiper-wrapper awb-image-carousel-wrapper fusion-flex-align-items-center\"><div class=\"swiper-slide\"><div class=\"fusion-carousel-item-wrapper\"><div class=\"fusion-image-wrapper hover-type-none\"><a data-rel=\"iLightbox[image_carousel_1]\" data-title=\"casa-rural-siega-verde-ii\" aria-label=\"casa-rural-siega-verde-ii\" href=\"http:\/\/siegaverdecasarural.com\/web\/wp-content\/uploads\/2017\/06\/CASA-RURAL-SIEGA-VERDE-II.jpg\" target=\"_self\"><img decoding=\"async\" width=\"1600\" height=\"1067\" src=\"https:\/\/siegaverdecasarural.com\/web\/wp-content\/uploads\/2017\/06\/CASA-RURAL-SIEGA-VERDE-II.jpg\" class=\"attachment-full size-full\" alt=\"\" srcset=\"https:\/\/siegaverdecasarural.com\/web\/wp-content\/uploads\/2017\/06\/CASA-RURAL-SIEGA-VERDE-II-200x133.jpg 200w, https:\/\/siegaverdecasarural.com\/web\/wp-content\/uploads\/2017\/06\/CASA-RURAL-SIEGA-VERDE-II-300x200.jpg 300w, https:\/\/siegaverdecasarural.com\/web\/wp-content\/uploads\/2017\/06\/CASA-RURAL-SIEGA-VERDE-II-400x267.jpg 400w, https:\/\/siegaverdecasarural.com\/web\/wp-content\/uploads\/2017\/06\/CASA-RURAL-SIEGA-VERDE-II-600x400.jpg 600w, https:\/\/siegaverdecasarural.com\/web\/wp-content\/uploads\/2017\/06\/CASA-RURAL-SIEGA-VERDE-II-768x512.jpg 768w, https:\/\/siegaverdecasarural.com\/web\/wp-content\/uploads\/2017\/06\/CASA-RURAL-SIEGA-VERDE-II-800x534.jpg 800w, https:\/\/siegaverdecasarural.com\/web\/wp-content\/uploads\/2017\/06\/CASA-RURAL-SIEGA-VERDE-II-1024x683.jpg 1024w, https:\/\/siegaverdecasarural.com\/web\/wp-content\/uploads\/2017\/06\/CASA-RURAL-SIEGA-VERDE-II-1200x800.jpg 1200w, https:\/\/siegaverdecasarural.com\/web\/wp-content\/uploads\/2017\/06\/CASA-RURAL-SIEGA-VERDE-II.jpg 1600w\" sizes=\"(max-width: 1600px) 100vw, 1600px\" \/><\/a><\/div><\/div><\/div><\/div><div class=\"awb-swiper-button awb-swiper-button-prev\"><i class=\"awb-icon-angle-left\" aria-hidden=\"true\"><\/i><\/div><div class=\"awb-swiper-button awb-swiper-button-next\"><i class=\"awb-icon-angle-right\" aria-hidden=\"true\"><\/i><\/div><\/div><\/div><div class=\"fusion-clearfix\"><\/div><\/div><\/div><div class=\"fusion-layout-column fusion_builder_column fusion-builder-column-1 fusion_builder_column_1_2 1_2 fusion-one-half fusion-column-last special\" style=\"--awb-padding-top:30px;--awb-padding-right:15%;--awb-padding-bottom:30px;--awb-padding-left:30px;--awb-bg-size:cover;--awb-margin-bottom:0px;width:48%;\"><div class=\"fusion-column-wrapper fusion-flex-column-wrapper-legacy\"><div class=\"fusion-text fusion-text-1\"><h1>\u00bfUn lugar para relajarte?<\/h1>\n<\/div><div class=\"fusion-sep-clear\"><\/div><div class=\"fusion-separator fusion-clearfix separator-left\" style=\"float:left;margin-top:0px;margin-bottom:30px;width:100%;max-width:170px;\"><div class=\"fusion-separator-border sep-single sep-solid\" style=\"--awb-height:20px;--awb-amount:20px;--awb-sep-color:#000000;border-color:#000000;border-top-width:1px;\"><\/div><\/div><div class=\"fusion-sep-clear\"><\/div><div class=\"fusion-text fusion-text-2\"><h3 style=\"text-align: center;\">Descubre Casa Rural I, situada en un entorno m\u00e1gico donde poder relajarte, disfrutar y descubrir lugares incre\u00edbles.<\/h3>\n<p style=\"text-align: center;\">Muy cerca de <strong>Ciudad Rodrigo<\/strong>, declarado uno de los pueblos m\u00e1s bonitos de Espa\u00f1a, haciendo frontera con <strong>Portugal<\/strong> y escala en pueblos con mucha historia.<\/p>\n<p style=\"text-align: center;\">Turismo y relax se unen para que disfrutes de unos magn\u00edficos d\u00edas<\/p>\n<p style=\"text-align: center;\">\u00a1Te esperamos!<\/p>\n<\/div><div class=\"fusion-clearfix\"><\/div><\/div><\/div><\/div><\/div><div class=\"fusion-fullwidth fullwidth-box fusion-builder-row-2 nonhundred-percent-fullwidth non-hundred-percent-height-scrolling\" style=\"--awb-background-position:left top;--awb-border-radius-top-left:0px;--awb-border-radius-top-right:0px;--awb-border-radius-bottom-right:0px;--awb-border-radius-bottom-left:0px;--awb-padding-top:30px;--awb-padding-bottom:60px;--awb-border-sizes-top:0px;--awb-border-sizes-bottom:0px;--awb-flex-wrap:wrap;\" ><div class=\"fusion-builder-row fusion-row\"><div class=\"fusion-layout-column fusion_builder_column fusion-builder-column-2 fusion_builder_column_1_2 1_2 fusion-one-half fusion-column-first\" style=\"--awb-bg-size:cover;width:48%; margin-right: 4%;\"><div class=\"fusion-column-wrapper fusion-flex-column-wrapper-legacy\"><div class=\"fusion-text fusion-text-3\"><p>Disfruta de una rica barbacoa en su amplio porche, mientras los ni\u00f1os se divierten en la zona infantil que cuenta con columpios y arena.<\/p>\n<p>Y si hace calor&#8230; \u00bfQue os parece un chapuz\u00f3n en la piscina? Rodeada de c\u00e9sped, cuenta con todo lo indispensable para pasar un gran d\u00eda.<\/p>\n<\/div><div class=\"fusion-clearfix\"><\/div><\/div><\/div><div class=\"fusion-layout-column fusion_builder_column fusion-builder-column-3 fusion_builder_column_1_2 1_2 fusion-one-half fusion-column-last\" style=\"--awb-bg-size:cover;width:48%;\"><div class=\"fusion-column-wrapper fusion-flex-column-wrapper-legacy\"><div class=\"fusion-text fusion-text-4\"><p>Sus r\u00fasticas instalaciones cuentan con todo lo indispensable, como un enorme sal\u00f3n-comedor, chimenea de le\u00f1a para las fr\u00edas noches de invierno, un televisor de plasma de 42&#8243;, juegos de mesa para no aburrirse&#8230;<br \/>\nDormitorios con ba\u00f1o incorporado, ba\u00f1era de hidromasaje y lo mejor de todo&#8230; \u00a1Un precioso entorno!<\/p>\n<\/div><div class=\"fusion-clearfix\"><\/div><\/div><\/div><\/div><\/div><div class=\"fusion-fullwidth fullwidth-box fusion-builder-row-3 nonhundred-percent-fullwidth non-hundred-percent-height-scrolling\" style=\"--awb-background-position:left top;--awb-border-radius-top-left:0px;--awb-border-radius-top-right:0px;--awb-border-radius-bottom-right:0px;--awb-border-radius-bottom-left:0px;--awb-padding-top:60px;--awb-padding-bottom:45px;--awb-background-color:#f0f0ed;--awb-border-sizes-top:0px;--awb-border-sizes-bottom:0px;--awb-flex-wrap:wrap;\" ><div class=\"fusion-builder-row fusion-row\"><div class=\"fusion-layout-column fusion_builder_column fusion-builder-column-4 fusion_builder_column_1_1 1_1 fusion-one-full fusion-column-first fusion-column-last fusion-column-no-min-height\" style=\"--awb-bg-size:cover;--awb-margin-bottom:0px;\"><div class=\"fusion-column-wrapper fusion-flex-column-wrapper-legacy\"><div class=\"fusion-text fusion-text-5\"><h1 style=\"text-align: center;\">Casa Rural II<\/h1>\n<\/div><div class=\"fusion-sep-clear\"><\/div><div class=\"fusion-separator\" style=\"margin-left: auto;margin-right: auto;margin-bottom:40px;width:100%;max-width:170px;\"><div class=\"fusion-separator-border sep-single sep-solid\" style=\"--awb-height:20px;--awb-amount:20px;--awb-sep-color:#000000;border-color:#000000;border-top-width:1px;\"><\/div><\/div><div class=\"fusion-sep-clear\"><\/div><div class=\"fusion-clearfix\"><\/div><\/div><\/div><div class=\"fusion-layout-column fusion_builder_column fusion-builder-column-5 fusion_builder_column_1_6 1_6 fusion-one-sixth fusion-column-first\" style=\"--awb-bg-size:cover;width:13.3333%; margin-right: 4%;\"><div class=\"fusion-column-wrapper fusion-flex-column-wrapper-legacy\"><div class=\"fusion-clearfix\"><\/div><\/div><\/div><div class=\"fusion-layout-column fusion_builder_column fusion-builder-column-6 fusion_builder_column_2_3 2_3 fusion-two-third\" style=\"--awb-bg-size:cover;width:65.3333%; margin-right: 4%;\"><div class=\"fusion-column-wrapper fusion-flex-column-wrapper-legacy\"><div class=\"fusion-text fusion-text-6\"><h3 style=\"text-align: center;\">Con capacidad para 17 personas y opci\u00f3n de comunicarse con Casa Rural I para grupos grandes, un exterior creado para disfrutar dotado de todas las comodidades.<\/h3>\n<\/div><div class=\"fusion-clearfix\"><\/div><\/div><\/div><div class=\"fusion-layout-column fusion_builder_column fusion-builder-column-7 fusion_builder_column_1_6 1_6 fusion-one-sixth fusion-column-last\" style=\"--awb-bg-size:cover;width:13.3333%;\"><div class=\"fusion-column-wrapper fusion-flex-column-wrapper-legacy\"><div class=\"fusion-clearfix\"><\/div><\/div><\/div><div class=\"fusion-layout-column fusion_builder_column fusion-builder-column-8 fusion_builder_column_1_1 1_1 fusion-one-full fusion-column-first fusion-column-last fusion-column-no-min-height\" style=\"--awb-bg-size:cover;--awb-margin-bottom:0px;\"><div class=\"fusion-column-wrapper fusion-flex-column-wrapper-legacy\"><div class=\"fusion-sep-clear\"><\/div><div class=\"fusion-separator fusion-full-width-sep\" style=\"margin-left: auto;margin-right: auto;margin-top:20px;width:100%;max-width:100%;\"><\/div><div class=\"fusion-sep-clear\"><\/div><div class=\"fusion-clearfix\"><\/div><\/div><\/div><div class=\"fusion-layout-column fusion_builder_column fusion-builder-column-9 fusion_builder_column_1_1 1_1 fusion-one-full fusion-column-first fusion-column-last fusion-column-no-min-height\" style=\"--awb-bg-size:cover;--awb-margin-bottom:0px;\"><div class=\"fusion-column-wrapper fusion-flex-column-wrapper-legacy\"><div class=\"fusion-image-carousel fusion-image-carousel-auto fusion-image-carousel-2 fusion-no-small-visibility fusion-no-medium-visibility lightbox-enabled fusion-carousel-border\"><div class=\"awb-carousel awb-swiper awb-swiper-carousel awb-carousel--carousel awb-swiper-dots-position-bottom\" data-layout=\"carousel\" data-autoplay=\"no\" data-autoplayspeed=\"2500\" data-autoplaypause=\"no\" data-columns=\"2\" data-columnsmedium=\"1\" data-columnssmall=\"1\" data-itemmargin=\"13\" data-itemwidth=\"180\" data-touchscroll=\"no\" data-freemode=\"no\" data-imagesize=\"auto\" data-scrollitems=\"0\" data-centeredslides=\"no\" data-rotationangle=\"50\" data-depth=\"100\" data-speed=\"500\" data-shadow=\"no\" data-pagination=\"bullets\" style=\"--awb-columns:2;--awb-border-width:1px;--awb-border-color:#e9eaee;\"><div class=\"swiper-wrapper awb-image-carousel-wrapper fusion-flex-align-items-center\"><div class=\"swiper-slide\"><div class=\"fusion-carousel-item-wrapper\"><div class=\"fusion-image-wrapper hover-type-none\"><a data-rel=\"iLightbox[image_carousel_2]\" data-title=\"casa-rural-sv\" aria-label=\"casa-rural-sv\" href=\"http:\/\/siegaverdecasarural.com\/web\/wp-content\/uploads\/2017\/06\/CASA-RURAL-SV.jpg\" target=\"_self\"><img decoding=\"async\" width=\"1900\" height=\"1193\" src=\"https:\/\/siegaverdecasarural.com\/web\/wp-content\/uploads\/2017\/06\/CASA-RURAL-SV.jpg\" class=\"attachment-full size-full\" alt=\"\" srcset=\"https:\/\/siegaverdecasarural.com\/web\/wp-content\/uploads\/2017\/06\/CASA-RURAL-SV-200x126.jpg 200w, https:\/\/siegaverdecasarural.com\/web\/wp-content\/uploads\/2017\/06\/CASA-RURAL-SV-400x251.jpg 400w, https:\/\/siegaverdecasarural.com\/web\/wp-content\/uploads\/2017\/06\/CASA-RURAL-SV-600x377.jpg 600w, https:\/\/siegaverdecasarural.com\/web\/wp-content\/uploads\/2017\/06\/CASA-RURAL-SV-800x502.jpg 800w, https:\/\/siegaverdecasarural.com\/web\/wp-content\/uploads\/2017\/06\/CASA-RURAL-SV-1200x753.jpg 1200w, https:\/\/siegaverdecasarural.com\/web\/wp-content\/uploads\/2017\/06\/CASA-RURAL-SV.jpg 1900w\" sizes=\"(min-width: 2200px) 100vw, (min-width: 732px) 579px, (min-width: 640px) 732px, \" \/><\/a><\/div><\/div><\/div><div class=\"swiper-slide\"><div class=\"fusion-carousel-item-wrapper\"><div class=\"fusion-image-wrapper hover-type-none\"><a data-rel=\"iLightbox[image_carousel_2]\" data-title=\"2-salon-sofas\" aria-label=\"2-salon-sofas\" href=\"http:\/\/siegaverdecasarural.com\/web\/wp-content\/uploads\/2017\/06\/2-salon-sofas.jpg\" target=\"_self\"><img decoding=\"async\" width=\"1900\" height=\"1193\" src=\"https:\/\/siegaverdecasarural.com\/web\/wp-content\/uploads\/2017\/06\/2-salon-sofas.jpg\" class=\"attachment-full size-full\" alt=\"\" srcset=\"https:\/\/siegaverdecasarural.com\/web\/wp-content\/uploads\/2017\/06\/2-salon-sofas-200x126.jpg 200w, https:\/\/siegaverdecasarural.com\/web\/wp-content\/uploads\/2017\/06\/2-salon-sofas-400x251.jpg 400w, https:\/\/siegaverdecasarural.com\/web\/wp-content\/uploads\/2017\/06\/2-salon-sofas-600x377.jpg 600w, https:\/\/siegaverdecasarural.com\/web\/wp-content\/uploads\/2017\/06\/2-salon-sofas-800x502.jpg 800w, https:\/\/siegaverdecasarural.com\/web\/wp-content\/uploads\/2017\/06\/2-salon-sofas-1200x753.jpg 1200w, https:\/\/siegaverdecasarural.com\/web\/wp-content\/uploads\/2017\/06\/2-salon-sofas.jpg 1900w\" sizes=\"(min-width: 2200px) 100vw, (min-width: 732px) 579px, (min-width: 640px) 732px, \" \/><\/a><\/div><\/div><\/div><\/div><div class=\"awb-swiper-button awb-swiper-button-prev\"><i class=\"awb-icon-angle-left\" aria-hidden=\"true\"><\/i><\/div><div class=\"awb-swiper-button awb-swiper-button-next\"><i class=\"awb-icon-angle-right\" aria-hidden=\"true\"><\/i><\/div><\/div><\/div><div class=\"fusion-clearfix\"><\/div><\/div><\/div><\/div><\/div><div class=\"fusion-fullwidth fullwidth-box fusion-builder-row-4 nonhundred-percent-fullwidth non-hundred-percent-height-scrolling\" style=\"--awb-background-position:left top;--awb-border-radius-top-left:0px;--awb-border-radius-top-right:0px;--awb-border-radius-bottom-right:0px;--awb-border-radius-bottom-left:0px;--awb-padding-top:60px;--awb-padding-bottom:35px;--awb-border-sizes-top:0px;--awb-border-sizes-bottom:0px;--awb-flex-wrap:wrap;\" ><div class=\"fusion-builder-row fusion-row\"><div class=\"fusion-layout-column fusion_builder_column fusion-builder-column-10 fusion_builder_column_1_1 1_1 fusion-one-full fusion-column-first fusion-column-last fusion-column-no-min-height\" style=\"--awb-bg-size:cover;--awb-margin-bottom:0px;\"><div class=\"fusion-column-wrapper fusion-flex-column-wrapper-legacy\"><div class=\"fusion-text fusion-text-7\"><h1 style=\"text-align: center;\">Yacimiento Siega Verde<\/h1>\n<\/div><div class=\"fusion-sep-clear\"><\/div><div class=\"fusion-separator\" style=\"margin-left: auto;margin-right: auto;margin-bottom:20px;width:100%;max-width:170px;\"><div class=\"fusion-separator-border sep-single sep-solid\" style=\"--awb-height:20px;--awb-amount:20px;--awb-sep-color:#000000;border-color:#000000;border-top-width:1px;\"><\/div><\/div><div class=\"fusion-sep-clear\"><\/div><div class=\"fusion-clearfix\"><\/div><\/div><\/div><div class=\"fusion-layout-column fusion_builder_column fusion-builder-column-11 fusion_builder_column_1_6 1_6 fusion-one-sixth fusion-column-first\" style=\"--awb-bg-size:cover;width:13.3333%; margin-right: 4%;\"><div class=\"fusion-column-wrapper fusion-flex-column-wrapper-legacy\"><div class=\"fusion-clearfix\"><\/div><\/div><\/div><div class=\"fusion-layout-column fusion_builder_column fusion-builder-column-12 fusion_builder_column_2_3 2_3 fusion-two-third\" style=\"--awb-bg-size:cover;width:65.3333%; margin-right: 4%;\"><div class=\"fusion-column-wrapper fusion-flex-column-wrapper-legacy\"><div class=\"fusion-text fusion-text-8\"><h3 style=\"text-align: center;\">Siega Verde es una zona arqueol\u00f3gica que cuenta con un Yacimiento en el que predominan m\u00e1s de 600 representaciones de animales y signos esquem\u00e1ticos.<\/h3>\n<\/div><div class=\"fusion-clearfix\"><\/div><\/div><\/div><div class=\"fusion-layout-column fusion_builder_column fusion-builder-column-13 fusion_builder_column_1_6 1_6 fusion-one-sixth fusion-column-last\" style=\"--awb-bg-size:cover;width:13.3333%;\"><div class=\"fusion-column-wrapper fusion-flex-column-wrapper-legacy\"><div class=\"fusion-clearfix\"><\/div><\/div><\/div><div class=\"fusion-layout-column fusion_builder_column fusion-builder-column-14 fusion_builder_column_1_1 1_1 fusion-one-full fusion-column-first fusion-column-last fusion-column-no-min-height\" style=\"--awb-bg-size:cover;--awb-margin-bottom:0px;\"><div class=\"fusion-column-wrapper fusion-flex-column-wrapper-legacy\"><div class=\"fusion-sep-clear\"><\/div><div class=\"fusion-separator fusion-full-width-sep\" style=\"margin-left: auto;margin-right: auto;margin-top:40px;width:100%;max-width:100%;\"><\/div><div class=\"fusion-sep-clear\"><\/div><div class=\"fusion-text fusion-text-9\"><p style=\"text-align: center;\">Muy cerquita de nuestras casas rurales encontrar\u00e1s esta preciosa zona, llena de grabados dibujados sobre las rocas, encontraremos siluetas de animales, representaciones de la fauna que pobl\u00f3 por aquel entonces, y los territorios de las tribus cazadoras.<\/p>\n<p style=\"text-align: center;\">\u00a1Descubre un trocito de historia en este maravilloso lugar!<\/p>\n<\/div><div class=\"fusion-image-carousel fusion-image-carousel-auto fusion-image-carousel-3 fusion-no-small-visibility fusion-no-medium-visibility lightbox-enabled fusion-carousel-border\"><div class=\"awb-carousel awb-swiper awb-swiper-carousel awb-carousel--carousel awb-swiper-dots-position-bottom\" data-layout=\"carousel\" data-autoplay=\"no\" data-autoplayspeed=\"2500\" data-autoplaypause=\"no\" data-columns=\"2\" data-columnsmedium=\"1\" data-columnssmall=\"1\" data-itemmargin=\"13\" data-itemwidth=\"180\" data-touchscroll=\"no\" data-freemode=\"no\" data-imagesize=\"auto\" data-scrollitems=\"0\" data-centeredslides=\"no\" data-rotationangle=\"50\" data-depth=\"100\" data-speed=\"500\" data-shadow=\"no\" data-pagination=\"bullets\" style=\"--awb-columns:2;--awb-border-width:1px;--awb-border-color:#e9eaee;\"><div class=\"swiper-wrapper awb-image-carousel-wrapper fusion-flex-align-items-center\"><div class=\"swiper-slide\"><div class=\"fusion-carousel-item-wrapper\"><div class=\"fusion-image-wrapper hover-type-none\"><a data-rel=\"iLightbox[image_carousel_3]\" data-title=\"1-siega-verde\" aria-label=\"1-siega-verde\" href=\"http:\/\/siegaverdecasarural.com\/web\/wp-content\/uploads\/2015\/01\/1-siega-verde.jpg\" target=\"_self\"><img decoding=\"async\" width=\"1680\" height=\"1050\" src=\"https:\/\/siegaverdecasarural.com\/web\/wp-content\/uploads\/2015\/01\/1-siega-verde.jpg\" class=\"attachment-full size-full\" alt=\"\" srcset=\"https:\/\/siegaverdecasarural.com\/web\/wp-content\/uploads\/2015\/01\/1-siega-verde-200x125.jpg 200w, https:\/\/siegaverdecasarural.com\/web\/wp-content\/uploads\/2015\/01\/1-siega-verde-400x250.jpg 400w, https:\/\/siegaverdecasarural.com\/web\/wp-content\/uploads\/2015\/01\/1-siega-verde-600x375.jpg 600w, https:\/\/siegaverdecasarural.com\/web\/wp-content\/uploads\/2015\/01\/1-siega-verde-800x500.jpg 800w, https:\/\/siegaverdecasarural.com\/web\/wp-content\/uploads\/2015\/01\/1-siega-verde-1200x750.jpg 1200w, https:\/\/siegaverdecasarural.com\/web\/wp-content\/uploads\/2015\/01\/1-siega-verde.jpg 1680w\" sizes=\"(min-width: 2200px) 100vw, (min-width: 732px) 579px, (min-width: 640px) 732px, \" \/><\/a><\/div><\/div><\/div><div class=\"swiper-slide\"><div class=\"fusion-carousel-item-wrapper\"><div class=\"fusion-image-wrapper hover-type-none\"><a data-rel=\"iLightbox[image_carousel_3]\" data-title=\"2-grabados\" aria-label=\"2-grabados\" href=\"http:\/\/siegaverdecasarural.com\/web\/wp-content\/uploads\/2015\/01\/2-grabados.jpg\" target=\"_self\"><img decoding=\"async\" width=\"1680\" height=\"1050\" src=\"https:\/\/siegaverdecasarural.com\/web\/wp-content\/uploads\/2015\/01\/2-grabados.jpg\" class=\"attachment-full size-full\" alt=\"\" srcset=\"https:\/\/siegaverdecasarural.com\/web\/wp-content\/uploads\/2015\/01\/2-grabados-200x125.jpg 200w, https:\/\/siegaverdecasarural.com\/web\/wp-content\/uploads\/2015\/01\/2-grabados-400x250.jpg 400w, https:\/\/siegaverdecasarural.com\/web\/wp-content\/uploads\/2015\/01\/2-grabados-600x375.jpg 600w, https:\/\/siegaverdecasarural.com\/web\/wp-content\/uploads\/2015\/01\/2-grabados-800x500.jpg 800w, https:\/\/siegaverdecasarural.com\/web\/wp-content\/uploads\/2015\/01\/2-grabados-1200x750.jpg 1200w, https:\/\/siegaverdecasarural.com\/web\/wp-content\/uploads\/2015\/01\/2-grabados.jpg 1680w\" sizes=\"(min-width: 2200px) 100vw, (min-width: 732px) 579px, (min-width: 640px) 732px, \" \/><\/a><\/div><\/div><\/div><\/div><div class=\"awb-swiper-button awb-swiper-button-prev\"><i class=\"awb-icon-angle-left\" aria-hidden=\"true\"><\/i><\/div><div class=\"awb-swiper-button awb-swiper-button-next\"><i class=\"awb-icon-angle-right\" aria-hidden=\"true\"><\/i><\/div><\/div><\/div><div class=\"fusion-clearfix\"><\/div><\/div><\/div><\/div><\/div><\/p>\n","protected":false},"excerpt":{"rendered":"","protected":false},"author":1,"featured_media":0,"parent":0,"menu_order":0,"comment_status":"closed","ping_status":"open","template":"100-width.php","meta":{"footnotes":""},"class_list":["post-7","page","type-page","status-publish","hentry"],"_links":{"self":[{"href":"https:\/\/siegaverdecasarural.com\/web\/index.php?rest_route=\/wp\/v2\/pages\/7","targetHints":{"allow":["GET"]}}],"collection":[{"href":"https:\/\/siegaverdecasarural.com\/web\/index.php?rest_route=\/wp\/v2\/pages"}],"about":[{"href":"https:\/\/siegaverdecasarural.com\/web\/index.php?rest_route=\/wp\/v2\/types\/page"}],"author":[{"embeddable":true,"href":"https:\/\/siegaverdecasarural.com\/web\/index.php?rest_route=\/wp\/v2\/users\/1"}],"replies":[{"embeddable":true,"href":"https:\/\/siegaverdecasarural.com\/web\/index.php?rest_route=%2Fwp%2Fv2%2Fcomments&post=7"}],"version-history":[{"count":12,"href":"https:\/\/siegaverdecasarural.com\/web\/index.php?rest_route=\/wp\/v2\/pages\/7\/revisions"}],"predecessor-version":[{"id":1504,"href":"https:\/\/siegaverdecasarural.com\/web\/index.php?rest_route=\/wp\/v2\/pages\/7\/revisions\/1504"}],"wp:attachment":[{"href":"https:\/\/siegaverdecasarural.com\/web\/index.php?rest_route=%2Fwp%2Fv2%2Fmedia&parent=7"}],"curies":[{"name":"wp","href":"https:\/\/api.w.org\/{rel}","templated":true}]}}